{"id":79,"date":"2025-08-10T16:51:23","date_gmt":"2025-08-10T16:51:23","guid":{"rendered":"https:\/\/mgv-eintracht-kleinenbroich.de\/?page_id=79"},"modified":"2025-08-10T19:46:50","modified_gmt":"2025-08-10T17:46:50","slug":"unsere-chorleiter","status":"publish","type":"page","link":"https:\/\/mgv-eintracht-kleinenbroich.de\/?page_id=79","title":{"rendered":"Unsere Chorleiter"},"content":{"rendered":"\n<h2 class=\"wp-block-heading\">Georg Schillinger<\/h2>\n\n\n\n<p><a href=\"https:\/\/www.georgschillinger.de\" data-type=\"link\" data-id=\"https:\/\/www.georgschillinger.de\">Georg Schillinger<\/a>, Jahrgang 1969 aus Freudenstadt, studierte zun\u00e4chst Kirchenmusik und anschlie\u00dfend von 1997 bis 2004 klassischen Gesang an der Musikhochschule K\u00f6ln\/Aachen bei Prof. Visca. Weitere Impulse erhielt er von Prof. Heyer, Peer Abilgaard und David Cordier. <\/p>\n\n\n\n<p>Seit 1995 ist er Chorleiter des MGV Eintracht Kleinenbroich.<\/p>\n\n\n\n<figure class=\"wp-block-image size-large is-resized is-style-rounded\"><img loading=\"lazy\" decoding=\"async\" width=\"711\" height=\"1067\" src=\"https:\/\/mgv-eintracht-kleinenbroich.de\/wp-content\/uploads\/2025\/08\/GeorgSchillingerPortrait-edited.jpg\" alt=\"\" class=\"wp-image-81\" style=\"width:322px;height:auto\" srcset=\"https:\/\/mgv-eintracht-kleinenbroich.de\/wp-content\/uploads\/2025\/08\/GeorgSchillingerPortrait-edited.jpg 711w, https:\/\/mgv-eintracht-kleinenbroich.de\/wp-content\/uploads\/2025\/08\/GeorgSchillingerPortrait-edited-200x300.jpg 200w, https:\/\/mgv-eintracht-kleinenbroich.de\/wp-content\/uploads\/2025\/08\/GeorgSchillingerPortrait-edited-682x1024.jpg 682w\" sizes=\"auto, (max-width: 711px) 100vw, 711px\" \/><figcaption class=\"wp-element-caption\">Georg Schillinger (2024)<\/figcaption><\/figure>\n\n\n\n<p><\/p>\n\n\n\n<h2 class=\"wp-block-heading\">Unsere Chorleiter in chronologischer Reihenfolge<\/h2>\n\n\n\n<figure class=\"wp-block-table\"><table class=\"has-fixed-layout\"><tbody><tr><td>seit 1995<\/td><td>Georg Schillinger&nbsp;<\/td><\/tr><tr><td>&nbsp;1991 &#8211; 1994<\/td><td>Theo Dahmen<\/td><\/tr><tr><td>&nbsp;1989 &#8211; 1990<\/td><td>Matthias Krella<\/td><\/tr><tr><td>&nbsp;1987 &#8211; 1988<\/td><td>Reinhard Granz<\/td><\/tr><tr><td>&nbsp;1983 &#8211; 1986<\/td><td>Theo Dahmen<\/td><\/tr><tr><td>&nbsp;1968 &#8211; 1983<\/td><td>Johannes Br\u00f6ckers<\/td><\/tr><tr><td>&nbsp;1966 &#8211; 1968<\/td><td>Heinrich Jan\u00dfen<\/td><\/tr><tr><td>&nbsp;1959 &#8211; 1965<\/td><td>Johann Martin Sentis<\/td><\/tr><tr><td>1959<\/td><td>Theo Drever<\/td><\/tr><tr><td>1920 &#8211; 1959<\/td><td>Richard Jordans<\/td><\/tr><tr><td>1919 &#8211; 1920<\/td><td>Heinrich Heffels<\/td><\/tr><tr><td>&nbsp;<\/td><td>erster Weltkrieg<\/td><\/tr><tr><td>&nbsp;1879 &#8211; 1914<\/td><td>Rudolf Jordans<\/td><\/tr><tr><td>&nbsp;4. Chorleiter<\/td><td>Robert Jordans<\/td><\/tr><tr><td>&nbsp;3. Chorleiter<\/td><td>Johann Baues<\/td><\/tr><tr><td>&nbsp;2. Chorleiter<\/td><td>Lehrer Anton Schmitt<\/td><\/tr><tr><td>&nbsp;1. Chorleiter<\/td><td>Hauptlehrer Bernhard Renzel<\/td><\/tr><\/tbody><\/table><\/figure>\n","protected":false},"excerpt":{"rendered":"<p>Georg Schillinger Georg Schillinger, Jahrgang 1969 aus Freudenstadt, studierte zun\u00e4chst Kirchenmusik und anschlie\u00dfend von 1997 bis 2004 klassischen Gesang an der Musikhochschule K\u00f6ln\/Aachen bei Prof. Visca. Weitere Impulse erhielt er von Prof. Heyer, Peer Abilgaard und David Cordier. Seit 1995 ist er Chorleiter des MGV Eintracht Kleinenbroich. Unsere Chorleiter in chronologischer Reihenfolge seit 1995 Georg&hellip;<\/p>\n","protected":false},"author":2,"featured_media":0,"parent":0,"menu_order":0,"comment_status":"closed","ping_status":"closed","template":"","meta":{"_lmt_disableupdate":"","_lmt_disable":"","footnotes":""},"class_list":["post-79","page","type-page","status-publish","hentry"],"_links":{"self":[{"href":"https:\/\/mgv-eintracht-kleinenbroich.de\/index.php?rest_route=\/wp\/v2\/pages\/79","targetHints":{"allow":["GET"]}}],"collection":[{"href":"https:\/\/mgv-eintracht-kleinenbroich.de\/index.php?rest_route=\/wp\/v2\/pages"}],"about":[{"href":"https:\/\/mgv-eintracht-kleinenbroich.de\/index.php?rest_route=\/wp\/v2\/types\/page"}],"author":[{"embeddable":true,"href":"https:\/\/mgv-eintracht-kleinenbroich.de\/index.php?rest_route=\/wp\/v2\/users\/2"}],"replies":[{"embeddable":true,"href":"https:\/\/mgv-eintracht-kleinenbroich.de\/index.php?rest_route=%2Fwp%2Fv2%2Fcomments&post=79"}],"version-history":[{"count":4,"href":"https:\/\/mgv-eintracht-kleinenbroich.de\/index.php?rest_route=\/wp\/v2\/pages\/79\/revisions"}],"predecessor-version":[{"id":98,"href":"https:\/\/mgv-eintracht-kleinenbroich.de\/index.php?rest_route=\/wp\/v2\/pages\/79\/revisions\/98"}],"wp:attachment":[{"href":"https:\/\/mgv-eintracht-kleinenbroich.de\/index.php?rest_route=%2Fwp%2Fv2%2Fmedia&parent=79"}],"curies":[{"name":"wp","href":"https:\/\/api.w.org\/{rel}","templated":true}]}}