{"id":69,"date":"2025-08-10T09:35:09","date_gmt":"2025-08-10T09:35:09","guid":{"rendered":"https:\/\/mgv-eintracht-kleinenbroich.de\/?page_id=69"},"modified":"2025-08-10T09:35:09","modified_gmt":"2025-08-10T09:35:09","slug":"kontakt","status":"publish","type":"page","link":"https:\/\/mgv-eintracht-kleinenbroich.de\/?page_id=69","title":{"rendered":"Kontakt"},"content":{"rendered":"\n<h2 class=\"wp-block-heading\">Vorstand<\/h2>\n\n\n\n<figure class=\"wp-block-table\"><table class=\"has-fixed-layout\"><thead><tr><th>Name<\/th><th>Position<\/th><th>Telefon<\/th><\/tr><\/thead><tbody><tr><td>Thomas Bommes<\/td><td>1. Vorsitzender<\/td><td>02161 46 593 46<\/td><\/tr><tr><td>J\u00fcrgen Kunz<\/td><td>2. Vorsitzender<\/td><td>02161 67 82 509<\/td><\/tr><tr><td>Norbert Wirtz<\/td><td>Schriftf\u00fchrer<\/td><td>02131 12 45 695<\/td><\/tr><tr><td>Bernhard Schl\u00fcter<\/td><td>1. Kassierer<\/td><td>02161 67 24 37<\/td><\/tr><tr><td>J\u00f6rg Pauen<\/td><td>2. Kassierer<\/td><td><\/td><\/tr><tr><td>Herrmann-Josef Kl\u00f6ren<\/td><td>Notenwart<\/td><td>02161 67 12 20<\/td><\/tr><tr><td>Pompeo Veccari<\/td><td>Beisitzer<\/td><td>02161 30 48 722<\/td><\/tr><\/tbody><\/table><\/figure>\n\n\n\n<p><\/p>\n","protected":false},"excerpt":{"rendered":"<p>Vorstand Name Position Telefon Thomas Bommes 1. Vorsitzender 02161 46 593 46 J\u00fcrgen Kunz 2. Vorsitzender 02161 67 82 509 Norbert Wirtz Schriftf\u00fchrer 02131 12 45 695 Bernhard Schl\u00fcter 1. Kassierer 02161 67 24 37 J\u00f6rg Pauen 2. Kassierer Herrmann-Josef Kl\u00f6ren Notenwart 02161 67 12 20 Pompeo Veccari Beisitzer 02161 30 48 722<\/p>\n","protected":false},"author":2,"featured_media":0,"parent":0,"menu_order":0,"comment_status":"closed","ping_status":"closed","template":"","meta":{"_lmt_disableupdate":"","_lmt_disable":"","footnotes":""},"class_list":["post-69","page","type-page","status-publish","hentry"],"_links":{"self":[{"href":"https:\/\/mgv-eintracht-kleinenbroich.de\/index.php?rest_route=\/wp\/v2\/pages\/69","targetHints":{"allow":["GET"]}}],"collection":[{"href":"https:\/\/mgv-eintracht-kleinenbroich.de\/index.php?rest_route=\/wp\/v2\/pages"}],"about":[{"href":"https:\/\/mgv-eintracht-kleinenbroich.de\/index.php?rest_route=\/wp\/v2\/types\/page"}],"author":[{"embeddable":true,"href":"https:\/\/mgv-eintracht-kleinenbroich.de\/index.php?rest_route=\/wp\/v2\/users\/2"}],"replies":[{"embeddable":true,"href":"https:\/\/mgv-eintracht-kleinenbroich.de\/index.php?rest_route=%2Fwp%2Fv2%2Fcomments&post=69"}],"version-history":[{"count":1,"href":"https:\/\/mgv-eintracht-kleinenbroich.de\/index.php?rest_route=\/wp\/v2\/pages\/69\/revisions"}],"predecessor-version":[{"id":70,"href":"https:\/\/mgv-eintracht-kleinenbroich.de\/index.php?rest_route=\/wp\/v2\/pages\/69\/revisions\/70"}],"wp:attachment":[{"href":"https:\/\/mgv-eintracht-kleinenbroich.de\/index.php?rest_route=%2Fwp%2Fv2%2Fmedia&parent=69"}],"curies":[{"name":"wp","href":"https:\/\/api.w.org\/{rel}","templated":true}]}}